{"id":4463,"date":"2022-03-04T13:27:01","date_gmt":"2022-03-04T18:27:01","guid":{"rendered":"https:\/\/psdimportaciones.com\/?page_id=4463"},"modified":"2022-03-04T17:21:54","modified_gmt":"2022-03-04T22:21:54","slug":"productos-zk-teco","status":"publish","type":"page","link":"https:\/\/psdimportaciones.com\/index.php\/productos-zk-teco\/","title":{"rendered":"Productos ZkTeco"},"content":{"rendered":"\t\t<div data-elementor-type=\"wp-page\" data-elementor-id=\"4463\" class=\"elementor elementor-4463\" data-elementor-post-type=\"page\">\n\t\t\t\t\t\t<section class=\"elementor-section elementor-top-section elementor-element elementor-element-2e46762 elementor-section-boxed elementor-section-height-default elementor-section-height-default\" data-id=\"2e46762\" data-element_type=\"section\" data-e-type=\"section\">\n\t\t\t\t\t\t\t<div class=\"elementor-background-overlay\"><\/div>\n\t\t\t\t\t\t\t<div class=\"elementor-container elementor-column-gap-default\">\n\t\t\t\t\t<div class=\"elementor-column elementor-col-100 elementor-top-column elementor-element elementor-element-923ca10\" data-id=\"923ca10\" data-element_type=\"column\" data-e-type=\"column\">\n\t\t\t<div class=\"elementor-widget-wrap elementor-element-populated\">\n\t\t\t\t\t\t<div class=\"elementor-element elementor-element-3f962d0 elementor-widget elementor-widget-spacer\" data-id=\"3f962d0\" data-element_type=\"widget\" data-e-type=\"widget\" data-widget_type=\"spacer.default\">\n\t\t\t\t<div class=\"elementor-widget-container\">\n\t\t\t\t\t\t\t<div class=\"elementor-spacer\">\n\t\t\t<div class=\"elementor-spacer-inner\"><\/div>\n\t\t<\/div>\n\t\t\t\t\t\t<\/div>\n\t\t\t\t<\/div>\n\t\t\t\t<div class=\"elementor-element elementor-element-8c83ba4 elementor-widget elementor-widget-heading\" data-id=\"8c83ba4\" data-element_type=\"widget\" data-e-type=\"widget\" id=\"txtzkteco\" data-widget_type=\"heading.default\">\n\t\t\t\t<div class=\"elementor-widget-container\">\n\t\t\t\t\t<h2 class=\"elementor-heading-title elementor-size-default\">PRODUCTOS ZkTeco<\/h2>\t\t\t\t<\/div>\n\t\t\t\t<\/div>\n\t\t\t\t<div class=\"elementor-element elementor-element-bed7c61 elementor-widget elementor-widget-spacer\" data-id=\"bed7c61\" data-element_type=\"widget\" data-e-type=\"widget\" data-widget_type=\"spacer.default\">\n\t\t\t\t<div class=\"elementor-widget-container\">\n\t\t\t\t\t\t\t<div class=\"elementor-spacer\">\n\t\t\t<div class=\"elementor-spacer-inner\"><\/div>\n\t\t<\/div>\n\t\t\t\t\t\t<\/div>\n\t\t\t\t<\/div>\n\t\t\t\t<section class=\"elementor-section elementor-inner-section elementor-element elementor-element-40e322e elementor-section-boxed elementor-section-height-default elementor-section-height-default\" data-id=\"40e322e\" data-element_type=\"section\" data-e-type=\"section\">\n\t\t\t\t\t\t<div class=\"elementor-container elementor-column-gap-default\">\n\t\t\t\t\t<div class=\"elementor-column elementor-col-50 elementor-inner-column elementor-element elementor-element-1ea38dc\" data-id=\"1ea38dc\" data-element_type=\"column\" data-e-type=\"column\">\n\t\t\t<div class=\"elementor-widget-wrap elementor-element-populated\">\n\t\t\t\t\t\t<div class=\"elementor-element elementor-element-30c920d elementor-widget elementor-widget-spacer\" data-id=\"30c920d\" data-element_type=\"widget\" data-e-type=\"widget\" data-widget_type=\"spacer.default\">\n\t\t\t\t<div class=\"elementor-widget-container\">\n\t\t\t\t\t\t\t<div class=\"elementor-spacer\">\n\t\t\t<div class=\"elementor-spacer-inner\"><\/div>\n\t\t<\/div>\n\t\t\t\t\t\t<\/div>\n\t\t\t\t<\/div>\n\t\t\t\t<div class=\"elementor-element elementor-element-eed1218 elementor-widget elementor-widget-image\" data-id=\"eed1218\" data-element_type=\"widget\" data-e-type=\"widget\" data-widget_type=\"image.default\">\n\t\t\t\t<div class=\"elementor-widget-container\">\n\t\t\t\t\t\t\t\t\t\t\t\t\t\t\t<img fetchpriority=\"high\" decoding=\"async\" width=\"218\" height=\"231\" src=\"https:\/\/psdimportaciones.com\/wp-content\/uploads\/2022\/03\/Control-de-acceso-biometrico-ZK-X7-2.jpg\" class=\"attachment-full size-full wp-image-4584\" alt=\"\" \/>\t\t\t\t\t\t\t\t\t\t\t\t\t\t\t<\/div>\n\t\t\t\t<\/div>\n\t\t\t\t\t<\/div>\n\t\t<\/div>\n\t\t\t\t<div class=\"elementor-column elementor-col-50 elementor-inner-column elementor-element elementor-element-3252ebd\" data-id=\"3252ebd\" data-element_type=\"column\" data-e-type=\"column\">\n\t\t\t<div class=\"elementor-widget-wrap elementor-element-populated\">\n\t\t\t\t\t\t<div class=\"elementor-element elementor-element-f462a25 elementor-widget elementor-widget-text-editor\" data-id=\"f462a25\" data-element_type=\"widget\" data-e-type=\"widget\" data-widget_type=\"text-editor.default\">\n\t\t\t\t<div class=\"elementor-widget-container\">\n\t\t\t\t\t\t\t\t\t<h2 style=\"text-align: center;\"><span style=\"color: #0000ff;\">CONTROL DE ACCESO ZK-X7<\/span><\/h2><h6>Capacidad<br \/>&#8211; Huellas 500<br \/>&#8211; Tarjetas 500<br \/>&#8211; Contrase\u00f1as 8<\/h6><h6><span style=\"font-style: inherit; font-weight: inherit; background-color: var(--ast-global-color-4); color: var(--ast-global-color-3);\">Hardware<\/span><\/h6><h6>&#8211; Sensor de Huella \u00d3ptico Anti-Rayaduras<br \/>&#8211; Lector de Proximidad y Teclado<br \/>&#8211; Indicador Audio-Visual<\/h6>\t\t\t\t\t\t\t\t<\/div>\n\t\t\t\t<\/div>\n\t\t\t\t\t<\/div>\n\t\t<\/div>\n\t\t\t\t\t<\/div>\n\t\t<\/section>\n\t\t\t\t<section class=\"elementor-section elementor-inner-section elementor-element elementor-element-c554160 elementor-section-boxed elementor-section-height-default elementor-section-height-default\" data-id=\"c554160\" data-element_type=\"section\" data-e-type=\"section\">\n\t\t\t\t\t\t<div class=\"elementor-container elementor-column-gap-default\">\n\t\t\t\t\t<div class=\"elementor-column elementor-col-50 elementor-inner-column elementor-element elementor-element-f9056b9\" data-id=\"f9056b9\" data-element_type=\"column\" data-e-type=\"column\">\n\t\t\t<div class=\"elementor-widget-wrap elementor-element-populated\">\n\t\t\t\t\t\t<div class=\"elementor-element elementor-element-ad6b152 elementor-widget elementor-widget-text-editor\" data-id=\"ad6b152\" data-element_type=\"widget\" data-e-type=\"widget\" data-widget_type=\"text-editor.default\">\n\t\t\t\t<div class=\"elementor-widget-container\">\n\t\t\t\t\t\t\t\t\t<h2 style=\"text-align: center;\"><span style=\"color: #0000ff;\">TERMINAL DE TIEMPO Y ASISTENCIA CON FUNCIONES DE CONTROL DE ACCESO<\/span><\/h2><h6 style=\"text-align: left;\"><span style=\"color: #000000;\">El K30 es una elegante terminal de tiempo y asistencia con funciones b\u00e1sicas de control de acceso, con pantalla TFT de 2.8 pulgadas. Permite comunicaci\u00f3n con cerraduras el\u00e9ctricas y con botones de salida.<\/span><\/h6>\t\t\t\t\t\t\t\t<\/div>\n\t\t\t\t<\/div>\n\t\t\t\t\t<\/div>\n\t\t<\/div>\n\t\t\t\t<div class=\"elementor-column elementor-col-50 elementor-inner-column elementor-element elementor-element-7aa46c5\" data-id=\"7aa46c5\" data-element_type=\"column\" data-e-type=\"column\">\n\t\t\t<div class=\"elementor-widget-wrap elementor-element-populated\">\n\t\t\t\t\t\t<div class=\"elementor-element elementor-element-a180b0e elementor-widget elementor-widget-spacer\" data-id=\"a180b0e\" data-element_type=\"widget\" data-e-type=\"widget\" data-widget_type=\"spacer.default\">\n\t\t\t\t<div class=\"elementor-widget-container\">\n\t\t\t\t\t\t\t<div class=\"elementor-spacer\">\n\t\t\t<div class=\"elementor-spacer-inner\"><\/div>\n\t\t<\/div>\n\t\t\t\t\t\t<\/div>\n\t\t\t\t<\/div>\n\t\t\t\t<div class=\"elementor-element elementor-element-7ad33f4 elementor-widget elementor-widget-image\" data-id=\"7ad33f4\" data-element_type=\"widget\" data-e-type=\"widget\" data-widget_type=\"image.default\">\n\t\t\t\t<div class=\"elementor-widget-container\">\n\t\t\t\t\t\t\t\t\t\t\t\t\t\t\t<img decoding=\"async\" width=\"300\" height=\"200\" src=\"https:\/\/psdimportaciones.com\/wp-content\/uploads\/2022\/03\/K30-ZKTECO-1-300x200.jpg\" class=\"attachment-medium size-medium wp-image-4579\" alt=\"\" srcset=\"https:\/\/psdimportaciones.com\/wp-content\/uploads\/2022\/03\/K30-ZKTECO-1-300x200.jpg 300w, https:\/\/psdimportaciones.com\/wp-content\/uploads\/2022\/03\/K30-ZKTECO-1-1024x683.jpg 1024w, https:\/\/psdimportaciones.com\/wp-content\/uploads\/2022\/03\/K30-ZKTECO-1-768x512.jpg 768w, https:\/\/psdimportaciones.com\/wp-content\/uploads\/2022\/03\/K30-ZKTECO-1-1536x1024.jpg 1536w, https:\/\/psdimportaciones.com\/wp-content\/uploads\/2022\/03\/K30-ZKTECO-1-2048x1366.jpg 2048w\" sizes=\"(max-width: 300px) 100vw, 300px\" \/>\t\t\t\t\t\t\t\t\t\t\t\t\t\t\t<\/div>\n\t\t\t\t<\/div>\n\t\t\t\t\t<\/div>\n\t\t<\/div>\n\t\t\t\t\t<\/div>\n\t\t<\/section>\n\t\t\t\t<section class=\"elementor-section elementor-inner-section elementor-element elementor-element-34852fd elementor-section-boxed elementor-section-height-default elementor-section-height-default\" data-id=\"34852fd\" data-element_type=\"section\" data-e-type=\"section\">\n\t\t\t\t\t\t<div class=\"elementor-container elementor-column-gap-default\">\n\t\t\t\t\t<div class=\"elementor-column elementor-col-50 elementor-inner-column elementor-element elementor-element-e630bf5\" data-id=\"e630bf5\" data-element_type=\"column\" data-e-type=\"column\">\n\t\t\t<div class=\"elementor-widget-wrap elementor-element-populated\">\n\t\t\t\t\t\t<div class=\"elementor-element elementor-element-c52dd02 elementor-widget elementor-widget-image\" data-id=\"c52dd02\" data-element_type=\"widget\" data-e-type=\"widget\" data-widget_type=\"image.default\">\n\t\t\t\t<div class=\"elementor-widget-container\">\n\t\t\t\t\t\t\t\t\t\t\t\t\t\t\t<img decoding=\"async\" width=\"300\" height=\"300\" src=\"https:\/\/psdimportaciones.com\/wp-content\/uploads\/2022\/03\/LECTOR-DE-BARRA-300x300.jpg\" class=\"attachment-medium size-medium wp-image-4605\" alt=\"\" srcset=\"https:\/\/psdimportaciones.com\/wp-content\/uploads\/2022\/03\/LECTOR-DE-BARRA-300x300.jpg 300w, https:\/\/psdimportaciones.com\/wp-content\/uploads\/2022\/03\/LECTOR-DE-BARRA-150x150.jpg 150w, https:\/\/psdimportaciones.com\/wp-content\/uploads\/2022\/03\/LECTOR-DE-BARRA.jpg 500w\" sizes=\"(max-width: 300px) 100vw, 300px\" \/>\t\t\t\t\t\t\t\t\t\t\t\t\t\t\t<\/div>\n\t\t\t\t<\/div>\n\t\t\t\t\t<\/div>\n\t\t<\/div>\n\t\t\t\t<div class=\"elementor-column elementor-col-50 elementor-inner-column elementor-element elementor-element-d40a95e\" data-id=\"d40a95e\" data-element_type=\"column\" data-e-type=\"column\">\n\t\t\t<div class=\"elementor-widget-wrap elementor-element-populated\">\n\t\t\t\t\t\t<div class=\"elementor-element elementor-element-7de944d elementor-widget elementor-widget-text-editor\" data-id=\"7de944d\" data-element_type=\"widget\" data-e-type=\"widget\" data-widget_type=\"text-editor.default\">\n\t\t\t\t<div class=\"elementor-widget-container\">\n\t\t\t\t\t\t\t\t\t<h2 style=\"text-align: center;\"><span style=\"color: #0000ff;\"><em>LECTOR DE C\u00d3DIGO DE BARRAS<\/em><\/span><\/h2><ul><li><h6>\u00a0Esc\u00e1ner de c\u00f3digo de barras de 1D.<\/h6><\/li><li><h6>Conexi\u00f3n USB al\u00e1mbrico.<\/h6><\/li><li><h6>Lector l\u00e1ser\/CCD rojo de 32 bits<\/h6><\/li><li><h6>Id\u00f3neo para todo tipo de sistema<\/h6><\/li><\/ul>\t\t\t\t\t\t\t\t<\/div>\n\t\t\t\t<\/div>\n\t\t\t\t\t<\/div>\n\t\t<\/div>\n\t\t\t\t\t<\/div>\n\t\t<\/section>\n\t\t\t\t<div class=\"elementor-element elementor-element-6190799 elementor-widget elementor-widget-spacer\" data-id=\"6190799\" data-element_type=\"widget\" data-e-type=\"widget\" data-widget_type=\"spacer.default\">\n\t\t\t\t<div class=\"elementor-widget-container\">\n\t\t\t\t\t\t\t<div class=\"elementor-spacer\">\n\t\t\t<div class=\"elementor-spacer-inner\"><\/div>\n\t\t<\/div>\n\t\t\t\t\t\t<\/div>\n\t\t\t\t<\/div>\n\t\t\t\t\t<\/div>\n\t\t<\/div>\n\t\t\t\t\t<\/div>\n\t\t<\/section>\n\t\t\t\t<\/div>\n\t\t","protected":false},"excerpt":{"rendered":"<p>PRODUCTOS ZkTeco CONTROL DE ACCESO ZK-X7 Capacidad&#8211; Huellas 500&#8211; Tarjetas 500&#8211; Contrase\u00f1as 8 Hardware &#8211; Sensor de Huella \u00d3ptico Anti-Rayaduras&#8211; Lector de Proximidad y Teclado&#8211; Indicador Audio-Visual TERMINAL DE TIEMPO Y ASISTENCIA CON FUNCIONES DE CONTROL DE ACCESO El K30 es una elegante terminal de tiempo y asistencia con funciones b\u00e1sicas de control de acceso, [&hellip;]<\/p>\n","protected":false},"author":1,"featured_media":0,"parent":0,"menu_order":0,"comment_status":"closed","ping_status":"closed","template":"","meta":{"om_disable_all_campaigns":false,"_monsterinsights_skip_tracking":false,"_monsterinsights_sitenote_active":false,"_monsterinsights_sitenote_note":"","_monsterinsights_sitenote_category":0,"site-sidebar-layout":"no-sidebar","site-content-layout":"page-builder","ast-site-content-layout":"default","site-content-style":"default","site-sidebar-style":"default","ast-global-header-display":"","ast-banner-title-visibility":"","ast-main-header-display":"","ast-hfb-above-header-display":"","ast-hfb-below-header-display":"","ast-hfb-mobile-header-display":"","site-post-title":"disabled","ast-breadcrumbs-content":"","ast-featured-img":"disabled","footer-sml-layout":"","ast-disable-related-posts":"","theme-transparent-header-meta":"default","adv-header-id-meta":"","stick-header-meta":"","header-above-stick-meta":"","header-main-stick-meta":"","header-below-stick-meta":"","astra-migrate-meta-layouts":"default","ast-page-background-enabled":"default","ast-page-background-meta":{"desktop":{"background-color":"","background-image":"","background-repeat":"repeat","background-position":"center center","background-size":"auto","background-attachment":"scroll","background-type":"","background-media":"","overlay-type":"","overlay-color":"","overlay-opacity":"","overlay-gradient":""},"tablet":{"background-color":"","background-image":"","background-repeat":"repeat","background-position":"center center","background-size":"auto","background-attachment":"scroll","background-type":"","background-media":"","overlay-type":"","overlay-color":"","overlay-opacity":"","overlay-gradient":""},"mobile":{"background-color":"","background-image":"","background-repeat":"repeat","background-position":"center center","background-size":"auto","background-attachment":"scroll","background-type":"","background-media":"","overlay-type":"","overlay-color":"","overlay-opacity":"","overlay-gradient":""}},"ast-content-background-meta":{"desktop":{"background-color":"var(--ast-global-color-5)","background-image":"","background-repeat":"repeat","background-position":"center center","background-size":"auto","background-attachment":"scroll","background-type":"","background-media":"","overlay-type":"","overlay-color":"","overlay-opacity":"","overlay-gradient":""},"tablet":{"background-color":"var(--ast-global-color-5)","background-image":"","background-repeat":"repeat","background-position":"center center","background-size":"auto","background-attachment":"scroll","background-type":"","background-media":"","overlay-type":"","overlay-color":"","overlay-opacity":"","overlay-gradient":""},"mobile":{"background-color":"var(--ast-global-color-5)","background-image":"","background-repeat":"repeat","background-position":"center center","background-size":"auto","background-attachment":"scroll","background-type":"","background-media":"","overlay-type":"","overlay-color":"","overlay-opacity":"","overlay-gradient":""}},"footnotes":""},"class_list":["post-4463","page","type-page","status-publish","hentry"],"aioseo_notices":[],"_links":{"self":[{"href":"https:\/\/psdimportaciones.com\/index.php\/wp-json\/wp\/v2\/pages\/4463","targetHints":{"allow":["GET"]}}],"collection":[{"href":"https:\/\/psdimportaciones.com\/index.php\/wp-json\/wp\/v2\/pages"}],"about":[{"href":"https:\/\/psdimportaciones.com\/index.php\/wp-json\/wp\/v2\/types\/page"}],"author":[{"embeddable":true,"href":"https:\/\/psdimportaciones.com\/index.php\/wp-json\/wp\/v2\/users\/1"}],"replies":[{"embeddable":true,"href":"https:\/\/psdimportaciones.com\/index.php\/wp-json\/wp\/v2\/comments?post=4463"}],"version-history":[{"count":20,"href":"https:\/\/psdimportaciones.com\/index.php\/wp-json\/wp\/v2\/pages\/4463\/revisions"}],"predecessor-version":[{"id":4626,"href":"https:\/\/psdimportaciones.com\/index.php\/wp-json\/wp\/v2\/pages\/4463\/revisions\/4626"}],"wp:attachment":[{"href":"https:\/\/psdimportaciones.com\/index.php\/wp-json\/wp\/v2\/media?parent=4463"}],"curies":[{"name":"wp","href":"https:\/\/api.w.org\/{rel}","templated":true}]}}